{"id":104,"date":"2019-01-28T12:11:20","date_gmt":"2019-01-28T12:11:20","guid":{"rendered":"https:\/\/psico2.com\/?page_id=104"},"modified":"2026-03-20T13:40:56","modified_gmt":"2026-03-20T13:40:56","slug":"nosotras","status":"publish","type":"page","link":"https:\/\/psico2.com\/es\/nosotras\/","title":{"rendered":"Nosotras"},"content":{"rendered":"<p>Somos Georgina y Alba dos amigas que despu\u00e9s de compartir muchos ratos de conversaci\u00f3n sobre nuestro trabajo, la psicolog\u00eda y reflexiones sobre la vida, reunimos fuerzas y valent\u00eda para crear nuestra consulta de psicolog\u00eda! Georgina lleva toda la parte infantil, tanto la cl\u00ednica como la psicopedag\u00f3gica. Los ni\u00f1os son su especialidad. Alba se encarga de los adultos y las parejas, ella siempre ha estado m\u00e1s enfocada en esta etapa vital. Y ambas, cuando es necesario, nos unimos para atender a familias.<\/p>\n","protected":false},"excerpt":{"rendered":"<p>Somos Georgina y Alba dos amigas que despu\u00e9s de compartir muchos ratos de conversaci\u00f3n sobre nuestro trabajo, la psicolog\u00eda y reflexiones sobre la vida, reunimos fuerzas y valent\u00eda para crear nuestra consulta de psicolog\u00eda! Georgina lleva toda la parte infantil, tanto la cl\u00ednica como la psicopedag\u00f3gica. Los ni\u00f1os son su especialidad. Alba se encarga de [&hellip;]<\/p>\n","protected":false},"author":2,"featured_media":165,"parent":0,"menu_order":0,"comment_status":"closed","ping_status":"closed","template":"page-template-nosaltres.php","meta":{"footnotes":""},"class_list":["post-104","page","type-page","status-publish","has-post-thumbnail","hentry"],"yoast_head":"<!-- This site is optimized with the Yoast SEO plugin v27.1.1 - https:\/\/yoast.com\/product\/yoast-seo-wordpress\/ -->\n<title>Nosotras | Psico2 | Georgina Barcel\u00f3 i Alba Sabat\u00e9<\/title>\n<meta name=\"description\" content=\"Somos Georgina y Alba dos amigas que despu\u00e9s de compartir muchos ratos de conversaci\u00f3n sobre nuestro trabajo, la psicolog\u00eda y reflexiones sobre la vida,\" \/>\n<meta name=\"robots\" content=\"index, follow, max-snippet:-1, max-image-preview:large, max-video-preview:-1\" \/>\n<link rel=\"canonical\" href=\"https:\/\/psico2.com\/es\/nosotras\/\" \/>\n<meta property=\"og:locale\" content=\"es_ES\" \/>\n<meta property=\"og:type\" content=\"article\" \/>\n<meta property=\"og:title\" content=\"Nosotras | Psico2 | Georgina Barcel\u00f3 i Alba Sabat\u00e9\" \/>\n<meta property=\"og:description\" content=\"Somos Georgina y Alba dos amigas que despu\u00e9s de compartir muchos ratos de conversaci\u00f3n sobre nuestro trabajo, la psicolog\u00eda y reflexiones sobre la vida,\" \/>\n<meta property=\"og:url\" content=\"https:\/\/psico2.com\/es\/nosotras\/\" \/>\n<meta property=\"og:site_name\" content=\"Psico2\" \/>\n<meta property=\"article:publisher\" content=\"https:\/\/www.facebook.com\/psico2psicologiaipsicopedagogia\/\" \/>\n<meta property=\"article:modified_time\" content=\"2026-03-20T13:40:56+00:00\" \/>\n<meta property=\"og:image\" content=\"https:\/\/psico2.com\/wp-content\/uploads\/2019\/02\/header-nosaltres.jpg\" \/>\n\t<meta property=\"og:image:width\" content=\"1920\" \/>\n\t<meta property=\"og:image:height\" content=\"680\" \/>\n\t<meta property=\"og:image:type\" content=\"image\/jpeg\" \/>\n<meta name=\"twitter:card\" content=\"summary_large_image\" \/>\n<meta name=\"twitter:label1\" content=\"Tiempo de lectura\" \/>\n\t<meta name=\"twitter:data1\" content=\"1 minuto\" \/>\n<script type=\"application\/ld+json\" class=\"yoast-schema-graph\">{\"@context\":\"https:\/\/schema.org\",\"@graph\":[{\"@type\":\"WebPage\",\"@id\":\"https:\/\/psico2.com\/es\/nosotras\/\",\"url\":\"https:\/\/psico2.com\/es\/nosotras\/\",\"name\":\"Nosotras | Psico2 | Georgina Barcel\u00f3 i Alba Sabat\u00e9\",\"isPartOf\":{\"@id\":\"https:\/\/psico2.com\/es\/#website\"},\"primaryImageOfPage\":{\"@id\":\"https:\/\/psico2.com\/es\/nosotras\/#primaryimage\"},\"image\":{\"@id\":\"https:\/\/psico2.com\/es\/nosotras\/#primaryimage\"},\"thumbnailUrl\":\"https:\/\/psico2.com\/wp-content\/uploads\/2019\/02\/header-nosaltres.jpg\",\"datePublished\":\"2019-01-28T12:11:20+00:00\",\"dateModified\":\"2026-03-20T13:40:56+00:00\",\"description\":\"Somos Georgina y Alba dos amigas que despu\u00e9s de compartir muchos ratos de conversaci\u00f3n sobre nuestro trabajo, la psicolog\u00eda y reflexiones sobre la vida,\",\"breadcrumb\":{\"@id\":\"https:\/\/psico2.com\/es\/nosotras\/#breadcrumb\"},\"inLanguage\":\"es\",\"potentialAction\":[{\"@type\":\"ReadAction\",\"target\":[\"https:\/\/psico2.com\/es\/nosotras\/\"]}]},{\"@type\":\"ImageObject\",\"inLanguage\":\"es\",\"@id\":\"https:\/\/psico2.com\/es\/nosotras\/#primaryimage\",\"url\":\"https:\/\/psico2.com\/wp-content\/uploads\/2019\/02\/header-nosaltres.jpg\",\"contentUrl\":\"https:\/\/psico2.com\/wp-content\/uploads\/2019\/02\/header-nosaltres.jpg\",\"width\":1920,\"height\":680},{\"@type\":\"BreadcrumbList\",\"@id\":\"https:\/\/psico2.com\/es\/nosotras\/#breadcrumb\",\"itemListElement\":[{\"@type\":\"ListItem\",\"position\":1,\"name\":\"Inici\",\"item\":\"https:\/\/psico2.com\/es\/\"},{\"@type\":\"ListItem\",\"position\":2,\"name\":\"Nosotras\"}]},{\"@type\":\"WebSite\",\"@id\":\"https:\/\/psico2.com\/es\/#website\",\"url\":\"https:\/\/psico2.com\/es\/\",\"name\":\"Psico2\",\"description\":\"Georgina Barcel\u00f3 i Alba Sabat\u00e9\",\"publisher\":{\"@id\":\"https:\/\/psico2.com\/es\/#organization\"},\"potentialAction\":[{\"@type\":\"SearchAction\",\"target\":{\"@type\":\"EntryPoint\",\"urlTemplate\":\"https:\/\/psico2.com\/es\/?s={search_term_string}\"},\"query-input\":{\"@type\":\"PropertyValueSpecification\",\"valueRequired\":true,\"valueName\":\"search_term_string\"}}],\"inLanguage\":\"es\"},{\"@type\":\"Organization\",\"@id\":\"https:\/\/psico2.com\/es\/#organization\",\"name\":\"Psico2\",\"url\":\"https:\/\/psico2.com\/es\/\",\"logo\":{\"@type\":\"ImageObject\",\"inLanguage\":\"es\",\"@id\":\"https:\/\/psico2.com\/es\/#\/schema\/logo\/image\/\",\"url\":\"https:\/\/psico2.com\/wp-content\/uploads\/2019\/01\/logo.png\",\"contentUrl\":\"https:\/\/psico2.com\/wp-content\/uploads\/2019\/01\/logo.png\",\"width\":512,\"height\":512,\"caption\":\"Psico2\"},\"image\":{\"@id\":\"https:\/\/psico2.com\/es\/#\/schema\/logo\/image\/\"},\"sameAs\":[\"https:\/\/www.facebook.com\/psico2psicologiaipsicopedagogia\/\",\"https:\/\/www.instagram.com\/psico2.georginaialba\/\",\"https:\/\/www.linkedin.com\/company\/psico2-psicologia-i-psicopedagogia\/about\/\"]}]}<\/script>\n<!-- \/ Yoast SEO plugin. -->","yoast_head_json":{"title":"Nosotras | Psico2 | Georgina Barcel\u00f3 i Alba Sabat\u00e9","description":"Somos Georgina y Alba dos amigas que despu\u00e9s de compartir muchos ratos de conversaci\u00f3n sobre nuestro trabajo, la psicolog\u00eda y reflexiones sobre la vida,","robots":{"index":"index","follow":"follow","max-snippet":"max-snippet:-1","max-image-preview":"max-image-preview:large","max-video-preview":"max-video-preview:-1"},"canonical":"https:\/\/psico2.com\/es\/nosotras\/","og_locale":"es_ES","og_type":"article","og_title":"Nosotras | Psico2 | Georgina Barcel\u00f3 i Alba Sabat\u00e9","og_description":"Somos Georgina y Alba dos amigas que despu\u00e9s de compartir muchos ratos de conversaci\u00f3n sobre nuestro trabajo, la psicolog\u00eda y reflexiones sobre la vida,","og_url":"https:\/\/psico2.com\/es\/nosotras\/","og_site_name":"Psico2","article_publisher":"https:\/\/www.facebook.com\/psico2psicologiaipsicopedagogia\/","article_modified_time":"2026-03-20T13:40:56+00:00","og_image":[{"width":1920,"height":680,"url":"https:\/\/psico2.com\/wp-content\/uploads\/2019\/02\/header-nosaltres.jpg","type":"image\/jpeg"}],"twitter_card":"summary_large_image","twitter_misc":{"Tiempo de lectura":"1 minuto"},"schema":{"@context":"https:\/\/schema.org","@graph":[{"@type":"WebPage","@id":"https:\/\/psico2.com\/es\/nosotras\/","url":"https:\/\/psico2.com\/es\/nosotras\/","name":"Nosotras | Psico2 | Georgina Barcel\u00f3 i Alba Sabat\u00e9","isPartOf":{"@id":"https:\/\/psico2.com\/es\/#website"},"primaryImageOfPage":{"@id":"https:\/\/psico2.com\/es\/nosotras\/#primaryimage"},"image":{"@id":"https:\/\/psico2.com\/es\/nosotras\/#primaryimage"},"thumbnailUrl":"https:\/\/psico2.com\/wp-content\/uploads\/2019\/02\/header-nosaltres.jpg","datePublished":"2019-01-28T12:11:20+00:00","dateModified":"2026-03-20T13:40:56+00:00","description":"Somos Georgina y Alba dos amigas que despu\u00e9s de compartir muchos ratos de conversaci\u00f3n sobre nuestro trabajo, la psicolog\u00eda y reflexiones sobre la vida,","breadcrumb":{"@id":"https:\/\/psico2.com\/es\/nosotras\/#breadcrumb"},"inLanguage":"es","potentialAction":[{"@type":"ReadAction","target":["https:\/\/psico2.com\/es\/nosotras\/"]}]},{"@type":"ImageObject","inLanguage":"es","@id":"https:\/\/psico2.com\/es\/nosotras\/#primaryimage","url":"https:\/\/psico2.com\/wp-content\/uploads\/2019\/02\/header-nosaltres.jpg","contentUrl":"https:\/\/psico2.com\/wp-content\/uploads\/2019\/02\/header-nosaltres.jpg","width":1920,"height":680},{"@type":"BreadcrumbList","@id":"https:\/\/psico2.com\/es\/nosotras\/#breadcrumb","itemListElement":[{"@type":"ListItem","position":1,"name":"Inici","item":"https:\/\/psico2.com\/es\/"},{"@type":"ListItem","position":2,"name":"Nosotras"}]},{"@type":"WebSite","@id":"https:\/\/psico2.com\/es\/#website","url":"https:\/\/psico2.com\/es\/","name":"Psico2","description":"Georgina Barcel\u00f3 i Alba Sabat\u00e9","publisher":{"@id":"https:\/\/psico2.com\/es\/#organization"},"potentialAction":[{"@type":"SearchAction","target":{"@type":"EntryPoint","urlTemplate":"https:\/\/psico2.com\/es\/?s={search_term_string}"},"query-input":{"@type":"PropertyValueSpecification","valueRequired":true,"valueName":"search_term_string"}}],"inLanguage":"es"},{"@type":"Organization","@id":"https:\/\/psico2.com\/es\/#organization","name":"Psico2","url":"https:\/\/psico2.com\/es\/","logo":{"@type":"ImageObject","inLanguage":"es","@id":"https:\/\/psico2.com\/es\/#\/schema\/logo\/image\/","url":"https:\/\/psico2.com\/wp-content\/uploads\/2019\/01\/logo.png","contentUrl":"https:\/\/psico2.com\/wp-content\/uploads\/2019\/01\/logo.png","width":512,"height":512,"caption":"Psico2"},"image":{"@id":"https:\/\/psico2.com\/es\/#\/schema\/logo\/image\/"},"sameAs":["https:\/\/www.facebook.com\/psico2psicologiaipsicopedagogia\/","https:\/\/www.instagram.com\/psico2.georginaialba\/","https:\/\/www.linkedin.com\/company\/psico2-psicologia-i-psicopedagogia\/about\/"]}]}},"_links":{"self":[{"href":"https:\/\/psico2.com\/es\/wp-json\/wp\/v2\/pages\/104","targetHints":{"allow":["GET"]}}],"collection":[{"href":"https:\/\/psico2.com\/es\/wp-json\/wp\/v2\/pages"}],"about":[{"href":"https:\/\/psico2.com\/es\/wp-json\/wp\/v2\/types\/page"}],"author":[{"embeddable":true,"href":"https:\/\/psico2.com\/es\/wp-json\/wp\/v2\/users\/2"}],"replies":[{"embeddable":true,"href":"https:\/\/psico2.com\/es\/wp-json\/wp\/v2\/comments?post=104"}],"version-history":[{"count":7,"href":"https:\/\/psico2.com\/es\/wp-json\/wp\/v2\/pages\/104\/revisions"}],"predecessor-version":[{"id":941,"href":"https:\/\/psico2.com\/es\/wp-json\/wp\/v2\/pages\/104\/revisions\/941"}],"wp:featuredmedia":[{"embeddable":true,"href":"https:\/\/psico2.com\/es\/wp-json\/wp\/v2\/media\/165"}],"wp:attachment":[{"href":"https:\/\/psico2.com\/es\/wp-json\/wp\/v2\/media?parent=104"}],"curies":[{"name":"wp","href":"https:\/\/api.w.org\/{rel}","templated":true}]}}