{"id":1281,"date":"2023-02-24T06:31:51","date_gmt":"2023-02-24T06:31:51","guid":{"rendered":"https:\/\/psico2.com\/avis-legal\/"},"modified":"2023-04-11T16:00:12","modified_gmt":"2023-04-11T16:00:12","slug":"aviso-legal","status":"publish","type":"page","link":"https:\/\/psico2.com\/es\/aviso-legal\/","title":{"rendered":"Aviso legal"},"content":{"rendered":"<p>En cumplimiento con el deber de informaci\u00f3n recogido en art\u00edculo 10 de la Ley 34\/2002, de 11 de julio, de Servicios de la Sociedad de la Informaci\u00f3n y del Comercio Electr\u00f3nico (LSSICE), el propietario de la web, le informa de lo siguiente:<\/p>\n<ul>\n<li>Denominaci\u00f3n social: Georgina Barcel\u00f3 Badia<\/li>\n<li>NIF: 46402053J<\/li>\n<li>Domicilio: Avinguda Riera de Cassoles 63 6-4, 08012 &#8211; Barcelona (Barcelona)<\/li>\n<li>Colegio profesional al que pertenece Col\u00b7legi de Psic\u00f2legs de Catalunya<\/li>\n<li>N.\u00ba Colegiado 17117<\/li>\n<li>T\u00edtulo acad\u00e9mico Psic\u00f2loga Cl\u00ednica<\/li>\n<li>Denominaci\u00f3n social: Alba Sabat\u00e9 Olius<\/li>\n<li>NIF: 46352253P<\/li>\n<li>Domicilio: Avinguda Riera de Cassoles 63 6-4, 08012 &#8211; Barcelona (Barcelona)<\/li>\n<li>Colegio profesional al que pertenece Col\u00b7legi de Psic\u00f2legs de Catalunya<\/li>\n<li>N.\u00ba Colegiado 19511<\/li>\n<li>T\u00edtulo acad\u00e9mico Psic\u00f2loga Cl\u00ednica<\/li>\n<\/ul>\n<p>Con los l\u00edmites establecidos en la ley, Georgina Barcel\u00f3 Badia y Alba Sabat\u00e9 Olius no asume ninguna responsabilidad derivada de la falta de veracidad, integridad, actualizaci\u00f3n y precisi\u00f3n de los datos o informaciones que contienen sus p\u00e1ginas web.<\/p>\n<p>Los contenidos e informaci\u00f3n no vinculan a Georgina Barcel\u00f3 Badia y Alba Sabat\u00e9 Olius ni constituyen opiniones, consejos o asesoramiento legal de ning\u00fan tipo pues se trata meramente de un servicio ofrecido con car\u00e1cter informativo y divulgativo.<\/p>\n<p>Las p\u00e1ginas de Internet de Georgina Barcel\u00f3 Badia y Alba Sabat\u00e9 Olius pueden contener enlaces (links) a otras p\u00e1ginas de terceras partes que Georgina Barcel\u00f3 Badia y Alba Sabat\u00e9 Olius no puede controlar. Por lo tanto, Georgina Barcel\u00f3 Badia y Alba Sabat\u00e9 Olius no pueden asumir responsabilidades por el contenido que pueda aparecer en p\u00e1ginas de terceros.<\/p>\n<p>Los textos, im\u00e1genes, sonidos, animaciones, software y el resto de los contenidos incluidos en este website son propiedad exclusiva de Georgina Barcel\u00f3 Badia y Alba Sabat\u00e9 Olius o sus licenciantes. Cualquier acto de transmisi\u00f3n, distribuci\u00f3n, cesi\u00f3n, reproducci\u00f3n, almacenamiento o comunicaci\u00f3n p\u00fablica total o parcial, deber\u00e1 contar con el consentimiento expreso de Georgina Barcel\u00f3 Badia y Alba Sabat\u00e9 Olius.<\/p>\n<p>Asimismo, para acceder a algunos de los servicios que Georgina Barcel\u00f3 Badia y Alba Sabat\u00e9 Olius ofrecen a trav\u00e9s del sitio web, deber\u00e1 proporcionar algunos datos de car\u00e1cter personal. En cumplimiento de lo establecido en el Reglamento (UE) 2016\/679 del Parlamento Europeo y del Consejo, de 27 de abril de 2016, relativo a la protecci\u00f3n de las personas f\u00edsicas en lo que respecta al tratamiento de datos personales y a la libre circulaci\u00f3n de estos datos le informamos que, mediante la cumplimentaci\u00f3n de los presentes formularios, sus datos personales quedar\u00e1n incorporados y ser\u00e1n tratados en<br \/>\nlos ficheros de Georgina Barcel\u00f3 Badia y Alba Sabat\u00e9 Olius con el fin de poderle prestar y ofrecer nuestros servicios as\u00ed como para informarle de las mejoras del sitio Web.<\/p>\n<p>Le informamos tambi\u00e9n de que tendr\u00e1 la posibilidad en todo momento de ejercer los derechos de acceso, rectificaci\u00f3n, cancelaci\u00f3n, oposici\u00f3n, limitaci\u00f3n y portabilidad de sus datos de car\u00e1cter personal, de manera gratuita mediante email a: info@psico2.com o en la direcci\u00f3n: Avinguda Riera de Cassoles 63 6-4, 08012 &#8211; Barcelona (Barcelona).<\/p>\n","protected":false},"excerpt":{"rendered":"<p>En cumplimiento con el deber de informaci\u00f3n recogido en art\u00edculo 10 de la Ley 34\/2002, de 11 de julio, de Servicios de la Sociedad de la Informaci\u00f3n y del Comercio Electr\u00f3nico (LSSICE), el propietario de la web, le informa de lo siguiente: Denominaci\u00f3n social: Georgina Barcel\u00f3 Badia NIF: 46402053J Domicilio: Avinguda Riera de Cassoles 63 [&hellip;]<\/p>\n","protected":false},"author":2,"featured_media":0,"parent":0,"menu_order":0,"comment_status":"closed","ping_status":"closed","template":"","meta":{"footnotes":""},"class_list":["post-1281","page","type-page","status-publish","hentry"],"yoast_head":"<!-- This site is optimized with the Yoast SEO plugin v27.1.1 - https:\/\/yoast.com\/product\/yoast-seo-wordpress\/ -->\n<title>Aviso legal | Psico2 | Georgina Barcel\u00f3 i Alba Sabat\u00e9<\/title>\n<meta name=\"description\" content=\"En cumplimiento con el deber de informaci\u00f3n recogido en art\u00edculo 10 de la Ley 34\/2002, de 11 de julio, de Servicios de la Sociedad de la Informaci\u00f3n y del\" \/>\n<meta name=\"robots\" content=\"noindex, follow\" \/>\n<meta property=\"og:locale\" content=\"es_ES\" \/>\n<meta property=\"og:type\" content=\"article\" \/>\n<meta property=\"og:title\" content=\"Aviso legal | Psico2 | Georgina Barcel\u00f3 i Alba Sabat\u00e9\" \/>\n<meta property=\"og:description\" content=\"En cumplimiento con el deber de informaci\u00f3n recogido en art\u00edculo 10 de la Ley 34\/2002, de 11 de julio, de Servicios de la Sociedad de la Informaci\u00f3n y del\" \/>\n<meta property=\"og:url\" content=\"https:\/\/psico2.com\/es\/aviso-legal\/\" \/>\n<meta property=\"og:site_name\" content=\"Psico2\" \/>\n<meta property=\"article:publisher\" content=\"https:\/\/www.facebook.com\/psico2psicologiaipsicopedagogia\/\" \/>\n<meta property=\"article:modified_time\" content=\"2023-04-11T16:00:12+00:00\" \/>\n<meta property=\"og:image\" content=\"https:\/\/psico2.com\/wp-content\/uploads\/2019\/01\/logo.png\" \/>\n\t<meta property=\"og:image:width\" content=\"512\" \/>\n\t<meta property=\"og:image:height\" content=\"512\" \/>\n\t<meta property=\"og:image:type\" content=\"image\/png\" \/>\n<meta name=\"twitter:card\" content=\"summary_large_image\" \/>\n<meta name=\"twitter:label1\" content=\"Tiempo de lectura\" \/>\n\t<meta name=\"twitter:data1\" content=\"3 minutos\" \/>\n<script type=\"application\/ld+json\" class=\"yoast-schema-graph\">{\"@context\":\"https:\/\/schema.org\",\"@graph\":[{\"@type\":\"WebPage\",\"@id\":\"https:\/\/psico2.com\/es\/aviso-legal\/\",\"url\":\"https:\/\/psico2.com\/es\/aviso-legal\/\",\"name\":\"Aviso legal | Psico2 | Georgina Barcel\u00f3 i Alba Sabat\u00e9\",\"isPartOf\":{\"@id\":\"https:\/\/psico2.com\/es\/#website\"},\"datePublished\":\"2023-02-24T06:31:51+00:00\",\"dateModified\":\"2023-04-11T16:00:12+00:00\",\"description\":\"En cumplimiento con el deber de informaci\u00f3n recogido en art\u00edculo 10 de la Ley 34\/2002, de 11 de julio, de Servicios de la Sociedad de la Informaci\u00f3n y del\",\"breadcrumb\":{\"@id\":\"https:\/\/psico2.com\/es\/aviso-legal\/#breadcrumb\"},\"inLanguage\":\"es\",\"potentialAction\":[{\"@type\":\"ReadAction\",\"target\":[\"https:\/\/psico2.com\/es\/aviso-legal\/\"]}]},{\"@type\":\"BreadcrumbList\",\"@id\":\"https:\/\/psico2.com\/es\/aviso-legal\/#breadcrumb\",\"itemListElement\":[{\"@type\":\"ListItem\",\"position\":1,\"name\":\"Inici\",\"item\":\"https:\/\/psico2.com\/es\/\"},{\"@type\":\"ListItem\",\"position\":2,\"name\":\"Aviso legal\"}]},{\"@type\":\"WebSite\",\"@id\":\"https:\/\/psico2.com\/es\/#website\",\"url\":\"https:\/\/psico2.com\/es\/\",\"name\":\"Psico2\",\"description\":\"Georgina Barcel\u00f3 i Alba Sabat\u00e9\",\"publisher\":{\"@id\":\"https:\/\/psico2.com\/es\/#organization\"},\"potentialAction\":[{\"@type\":\"SearchAction\",\"target\":{\"@type\":\"EntryPoint\",\"urlTemplate\":\"https:\/\/psico2.com\/es\/?s={search_term_string}\"},\"query-input\":{\"@type\":\"PropertyValueSpecification\",\"valueRequired\":true,\"valueName\":\"search_term_string\"}}],\"inLanguage\":\"es\"},{\"@type\":\"Organization\",\"@id\":\"https:\/\/psico2.com\/es\/#organization\",\"name\":\"Psico2\",\"url\":\"https:\/\/psico2.com\/es\/\",\"logo\":{\"@type\":\"ImageObject\",\"inLanguage\":\"es\",\"@id\":\"https:\/\/psico2.com\/es\/#\/schema\/logo\/image\/\",\"url\":\"https:\/\/psico2.com\/wp-content\/uploads\/2019\/01\/logo.png\",\"contentUrl\":\"https:\/\/psico2.com\/wp-content\/uploads\/2019\/01\/logo.png\",\"width\":512,\"height\":512,\"caption\":\"Psico2\"},\"image\":{\"@id\":\"https:\/\/psico2.com\/es\/#\/schema\/logo\/image\/\"},\"sameAs\":[\"https:\/\/www.facebook.com\/psico2psicologiaipsicopedagogia\/\",\"https:\/\/www.instagram.com\/psico2.georginaialba\/\",\"https:\/\/www.linkedin.com\/company\/psico2-psicologia-i-psicopedagogia\/about\/\"]}]}<\/script>\n<!-- \/ Yoast SEO plugin. -->","yoast_head_json":{"title":"Aviso legal | Psico2 | Georgina Barcel\u00f3 i Alba Sabat\u00e9","description":"En cumplimiento con el deber de informaci\u00f3n recogido en art\u00edculo 10 de la Ley 34\/2002, de 11 de julio, de Servicios de la Sociedad de la Informaci\u00f3n y del","robots":{"index":"noindex","follow":"follow"},"og_locale":"es_ES","og_type":"article","og_title":"Aviso legal | Psico2 | Georgina Barcel\u00f3 i Alba Sabat\u00e9","og_description":"En cumplimiento con el deber de informaci\u00f3n recogido en art\u00edculo 10 de la Ley 34\/2002, de 11 de julio, de Servicios de la Sociedad de la Informaci\u00f3n y del","og_url":"https:\/\/psico2.com\/es\/aviso-legal\/","og_site_name":"Psico2","article_publisher":"https:\/\/www.facebook.com\/psico2psicologiaipsicopedagogia\/","article_modified_time":"2023-04-11T16:00:12+00:00","og_image":[{"width":512,"height":512,"url":"https:\/\/psico2.com\/wp-content\/uploads\/2019\/01\/logo.png","type":"image\/png"}],"twitter_card":"summary_large_image","twitter_misc":{"Tiempo de lectura":"3 minutos"},"schema":{"@context":"https:\/\/schema.org","@graph":[{"@type":"WebPage","@id":"https:\/\/psico2.com\/es\/aviso-legal\/","url":"https:\/\/psico2.com\/es\/aviso-legal\/","name":"Aviso legal | Psico2 | Georgina Barcel\u00f3 i Alba Sabat\u00e9","isPartOf":{"@id":"https:\/\/psico2.com\/es\/#website"},"datePublished":"2023-02-24T06:31:51+00:00","dateModified":"2023-04-11T16:00:12+00:00","description":"En cumplimiento con el deber de informaci\u00f3n recogido en art\u00edculo 10 de la Ley 34\/2002, de 11 de julio, de Servicios de la Sociedad de la Informaci\u00f3n y del","breadcrumb":{"@id":"https:\/\/psico2.com\/es\/aviso-legal\/#breadcrumb"},"inLanguage":"es","potentialAction":[{"@type":"ReadAction","target":["https:\/\/psico2.com\/es\/aviso-legal\/"]}]},{"@type":"BreadcrumbList","@id":"https:\/\/psico2.com\/es\/aviso-legal\/#breadcrumb","itemListElement":[{"@type":"ListItem","position":1,"name":"Inici","item":"https:\/\/psico2.com\/es\/"},{"@type":"ListItem","position":2,"name":"Aviso legal"}]},{"@type":"WebSite","@id":"https:\/\/psico2.com\/es\/#website","url":"https:\/\/psico2.com\/es\/","name":"Psico2","description":"Georgina Barcel\u00f3 i Alba Sabat\u00e9","publisher":{"@id":"https:\/\/psico2.com\/es\/#organization"},"potentialAction":[{"@type":"SearchAction","target":{"@type":"EntryPoint","urlTemplate":"https:\/\/psico2.com\/es\/?s={search_term_string}"},"query-input":{"@type":"PropertyValueSpecification","valueRequired":true,"valueName":"search_term_string"}}],"inLanguage":"es"},{"@type":"Organization","@id":"https:\/\/psico2.com\/es\/#organization","name":"Psico2","url":"https:\/\/psico2.com\/es\/","logo":{"@type":"ImageObject","inLanguage":"es","@id":"https:\/\/psico2.com\/es\/#\/schema\/logo\/image\/","url":"https:\/\/psico2.com\/wp-content\/uploads\/2019\/01\/logo.png","contentUrl":"https:\/\/psico2.com\/wp-content\/uploads\/2019\/01\/logo.png","width":512,"height":512,"caption":"Psico2"},"image":{"@id":"https:\/\/psico2.com\/es\/#\/schema\/logo\/image\/"},"sameAs":["https:\/\/www.facebook.com\/psico2psicologiaipsicopedagogia\/","https:\/\/www.instagram.com\/psico2.georginaialba\/","https:\/\/www.linkedin.com\/company\/psico2-psicologia-i-psicopedagogia\/about\/"]}]}},"_links":{"self":[{"href":"https:\/\/psico2.com\/es\/wp-json\/wp\/v2\/pages\/1281","targetHints":{"allow":["GET"]}}],"collection":[{"href":"https:\/\/psico2.com\/es\/wp-json\/wp\/v2\/pages"}],"about":[{"href":"https:\/\/psico2.com\/es\/wp-json\/wp\/v2\/types\/page"}],"author":[{"embeddable":true,"href":"https:\/\/psico2.com\/es\/wp-json\/wp\/v2\/users\/2"}],"replies":[{"embeddable":true,"href":"https:\/\/psico2.com\/es\/wp-json\/wp\/v2\/comments?post=1281"}],"version-history":[{"count":6,"href":"https:\/\/psico2.com\/es\/wp-json\/wp\/v2\/pages\/1281\/revisions"}],"predecessor-version":[{"id":1294,"href":"https:\/\/psico2.com\/es\/wp-json\/wp\/v2\/pages\/1281\/revisions\/1294"}],"wp:attachment":[{"href":"https:\/\/psico2.com\/es\/wp-json\/wp\/v2\/media?parent=1281"}],"curies":[{"name":"wp","href":"https:\/\/api.w.org\/{rel}","templated":true}]}}