{"id":84,"date":"2019-01-28T11:49:13","date_gmt":"2019-01-28T11:49:13","guid":{"rendered":"https:\/\/psico2.com\/?page_id=84"},"modified":"2019-04-01T14:46:18","modified_gmt":"2019-04-01T14:46:18","slug":"nuestro-blog","status":"publish","type":"page","link":"https:\/\/psico2.com\/es\/nuestro-blog\/","title":{"rendered":"Nuestro blog"},"content":{"rendered":"<p>En este blog podr\u00e9is encontrar art\u00edculos que te pueden acompa\u00f1ar en este momento vital que est\u00e1s viviendo, esperamos que te sirva de <strong>ayuda<\/strong> y sea una <strong>gu\u00eda<\/strong> para poder afrontar tus dificultades y la de tus hijos e hijas.<\/p>\n","protected":false},"excerpt":{"rendered":"<p>En este blog podr\u00e9is encontrar art\u00edculos que te pueden acompa\u00f1ar en este momento vital que est\u00e1s viviendo, esperamos que te sirva de ayuda y sea una gu\u00eda para poder afrontar tus dificultades y la de tus hijos e hijas.<\/p>\n","protected":false},"author":2,"featured_media":0,"parent":0,"menu_order":0,"comment_status":"closed","ping_status":"closed","template":"page-template-blog.php","meta":{"footnotes":""},"class_list":["post-84","page","type-page","status-publish","hentry"],"yoast_head":"<!-- This site is optimized with the Yoast SEO plugin v27.1.1 - https:\/\/yoast.com\/product\/yoast-seo-wordpress\/ -->\n<title>Nuestro blog | Psico2 | Georgina Barcel\u00f3 i Alba Sabat\u00e9<\/title>\n<meta name=\"description\" content=\"En este blog podr\u00e9is encontrar art\u00edculos que te pueden acompa\u00f1ar en este momento vital que est\u00e1s viviendo, esperamos que te sirva de ayuda y sea una gu\u00eda\" \/>\n<meta name=\"robots\" content=\"index, follow, max-snippet:-1, max-image-preview:large, max-video-preview:-1\" \/>\n<link rel=\"canonical\" href=\"https:\/\/psico2.com\/es\/nuestro-blog\/\" \/>\n<meta property=\"og:locale\" content=\"es_ES\" \/>\n<meta property=\"og:type\" content=\"article\" \/>\n<meta property=\"og:title\" content=\"Nuestro blog | Psico2 | Georgina Barcel\u00f3 i Alba Sabat\u00e9\" \/>\n<meta property=\"og:description\" content=\"En este blog podr\u00e9is encontrar art\u00edculos que te pueden acompa\u00f1ar en este momento vital que est\u00e1s viviendo, esperamos que te sirva de ayuda y sea una gu\u00eda\" \/>\n<meta property=\"og:url\" content=\"https:\/\/psico2.com\/es\/nuestro-blog\/\" \/>\n<meta property=\"og:site_name\" content=\"Psico2\" \/>\n<meta property=\"article:publisher\" content=\"https:\/\/www.facebook.com\/psico2psicologiaipsicopedagogia\/\" \/>\n<meta property=\"article:modified_time\" content=\"2019-04-01T14:46:18+00:00\" \/>\n<meta property=\"og:image\" content=\"https:\/\/psico2.com\/wp-content\/uploads\/2019\/01\/logo.png\" \/>\n\t<meta property=\"og:image:width\" content=\"512\" \/>\n\t<meta property=\"og:image:height\" content=\"512\" \/>\n\t<meta property=\"og:image:type\" content=\"image\/png\" \/>\n<meta name=\"twitter:card\" content=\"summary_large_image\" \/>\n<script type=\"application\/ld+json\" class=\"yoast-schema-graph\">{\"@context\":\"https:\/\/schema.org\",\"@graph\":[{\"@type\":\"WebPage\",\"@id\":\"https:\/\/psico2.com\/es\/nuestro-blog\/\",\"url\":\"https:\/\/psico2.com\/es\/nuestro-blog\/\",\"name\":\"Nuestro blog | Psico2 | Georgina Barcel\u00f3 i Alba Sabat\u00e9\",\"isPartOf\":{\"@id\":\"https:\/\/psico2.com\/es\/#website\"},\"datePublished\":\"2019-01-28T11:49:13+00:00\",\"dateModified\":\"2019-04-01T14:46:18+00:00\",\"description\":\"En este blog podr\u00e9is encontrar art\u00edculos que te pueden acompa\u00f1ar en este momento vital que est\u00e1s viviendo, esperamos que te sirva de ayuda y sea una gu\u00eda\",\"breadcrumb\":{\"@id\":\"https:\/\/psico2.com\/es\/nuestro-blog\/#breadcrumb\"},\"inLanguage\":\"es\",\"potentialAction\":[{\"@type\":\"ReadAction\",\"target\":[\"https:\/\/psico2.com\/es\/nuestro-blog\/\"]}]},{\"@type\":\"BreadcrumbList\",\"@id\":\"https:\/\/psico2.com\/es\/nuestro-blog\/#breadcrumb\",\"itemListElement\":[{\"@type\":\"ListItem\",\"position\":1,\"name\":\"Inici\",\"item\":\"https:\/\/psico2.com\/es\/\"},{\"@type\":\"ListItem\",\"position\":2,\"name\":\"Nuestro blog\"}]},{\"@type\":\"WebSite\",\"@id\":\"https:\/\/psico2.com\/es\/#website\",\"url\":\"https:\/\/psico2.com\/es\/\",\"name\":\"Psico2\",\"description\":\"Georgina Barcel\u00f3 i Alba Sabat\u00e9\",\"publisher\":{\"@id\":\"https:\/\/psico2.com\/es\/#organization\"},\"potentialAction\":[{\"@type\":\"SearchAction\",\"target\":{\"@type\":\"EntryPoint\",\"urlTemplate\":\"https:\/\/psico2.com\/es\/?s={search_term_string}\"},\"query-input\":{\"@type\":\"PropertyValueSpecification\",\"valueRequired\":true,\"valueName\":\"search_term_string\"}}],\"inLanguage\":\"es\"},{\"@type\":\"Organization\",\"@id\":\"https:\/\/psico2.com\/es\/#organization\",\"name\":\"Psico2\",\"url\":\"https:\/\/psico2.com\/es\/\",\"logo\":{\"@type\":\"ImageObject\",\"inLanguage\":\"es\",\"@id\":\"https:\/\/psico2.com\/es\/#\/schema\/logo\/image\/\",\"url\":\"https:\/\/psico2.com\/wp-content\/uploads\/2019\/01\/logo.png\",\"contentUrl\":\"https:\/\/psico2.com\/wp-content\/uploads\/2019\/01\/logo.png\",\"width\":512,\"height\":512,\"caption\":\"Psico2\"},\"image\":{\"@id\":\"https:\/\/psico2.com\/es\/#\/schema\/logo\/image\/\"},\"sameAs\":[\"https:\/\/www.facebook.com\/psico2psicologiaipsicopedagogia\/\",\"https:\/\/www.instagram.com\/psico2.georginaialba\/\",\"https:\/\/www.linkedin.com\/company\/psico2-psicologia-i-psicopedagogia\/about\/\"]}]}<\/script>\n<!-- \/ Yoast SEO plugin. -->","yoast_head_json":{"title":"Nuestro blog | Psico2 | Georgina Barcel\u00f3 i Alba Sabat\u00e9","description":"En este blog podr\u00e9is encontrar art\u00edculos que te pueden acompa\u00f1ar en este momento vital que est\u00e1s viviendo, esperamos que te sirva de ayuda y sea una gu\u00eda","robots":{"index":"index","follow":"follow","max-snippet":"max-snippet:-1","max-image-preview":"max-image-preview:large","max-video-preview":"max-video-preview:-1"},"canonical":"https:\/\/psico2.com\/es\/nuestro-blog\/","og_locale":"es_ES","og_type":"article","og_title":"Nuestro blog | Psico2 | Georgina Barcel\u00f3 i Alba Sabat\u00e9","og_description":"En este blog podr\u00e9is encontrar art\u00edculos que te pueden acompa\u00f1ar en este momento vital que est\u00e1s viviendo, esperamos que te sirva de ayuda y sea una gu\u00eda","og_url":"https:\/\/psico2.com\/es\/nuestro-blog\/","og_site_name":"Psico2","article_publisher":"https:\/\/www.facebook.com\/psico2psicologiaipsicopedagogia\/","article_modified_time":"2019-04-01T14:46:18+00:00","og_image":[{"width":512,"height":512,"url":"https:\/\/psico2.com\/wp-content\/uploads\/2019\/01\/logo.png","type":"image\/png"}],"twitter_card":"summary_large_image","schema":{"@context":"https:\/\/schema.org","@graph":[{"@type":"WebPage","@id":"https:\/\/psico2.com\/es\/nuestro-blog\/","url":"https:\/\/psico2.com\/es\/nuestro-blog\/","name":"Nuestro blog | Psico2 | Georgina Barcel\u00f3 i Alba Sabat\u00e9","isPartOf":{"@id":"https:\/\/psico2.com\/es\/#website"},"datePublished":"2019-01-28T11:49:13+00:00","dateModified":"2019-04-01T14:46:18+00:00","description":"En este blog podr\u00e9is encontrar art\u00edculos que te pueden acompa\u00f1ar en este momento vital que est\u00e1s viviendo, esperamos que te sirva de ayuda y sea una gu\u00eda","breadcrumb":{"@id":"https:\/\/psico2.com\/es\/nuestro-blog\/#breadcrumb"},"inLanguage":"es","potentialAction":[{"@type":"ReadAction","target":["https:\/\/psico2.com\/es\/nuestro-blog\/"]}]},{"@type":"BreadcrumbList","@id":"https:\/\/psico2.com\/es\/nuestro-blog\/#breadcrumb","itemListElement":[{"@type":"ListItem","position":1,"name":"Inici","item":"https:\/\/psico2.com\/es\/"},{"@type":"ListItem","position":2,"name":"Nuestro blog"}]},{"@type":"WebSite","@id":"https:\/\/psico2.com\/es\/#website","url":"https:\/\/psico2.com\/es\/","name":"Psico2","description":"Georgina Barcel\u00f3 i Alba Sabat\u00e9","publisher":{"@id":"https:\/\/psico2.com\/es\/#organization"},"potentialAction":[{"@type":"SearchAction","target":{"@type":"EntryPoint","urlTemplate":"https:\/\/psico2.com\/es\/?s={search_term_string}"},"query-input":{"@type":"PropertyValueSpecification","valueRequired":true,"valueName":"search_term_string"}}],"inLanguage":"es"},{"@type":"Organization","@id":"https:\/\/psico2.com\/es\/#organization","name":"Psico2","url":"https:\/\/psico2.com\/es\/","logo":{"@type":"ImageObject","inLanguage":"es","@id":"https:\/\/psico2.com\/es\/#\/schema\/logo\/image\/","url":"https:\/\/psico2.com\/wp-content\/uploads\/2019\/01\/logo.png","contentUrl":"https:\/\/psico2.com\/wp-content\/uploads\/2019\/01\/logo.png","width":512,"height":512,"caption":"Psico2"},"image":{"@id":"https:\/\/psico2.com\/es\/#\/schema\/logo\/image\/"},"sameAs":["https:\/\/www.facebook.com\/psico2psicologiaipsicopedagogia\/","https:\/\/www.instagram.com\/psico2.georginaialba\/","https:\/\/www.linkedin.com\/company\/psico2-psicologia-i-psicopedagogia\/about\/"]}]}},"_links":{"self":[{"href":"https:\/\/psico2.com\/es\/wp-json\/wp\/v2\/pages\/84","targetHints":{"allow":["GET"]}}],"collection":[{"href":"https:\/\/psico2.com\/es\/wp-json\/wp\/v2\/pages"}],"about":[{"href":"https:\/\/psico2.com\/es\/wp-json\/wp\/v2\/types\/page"}],"author":[{"embeddable":true,"href":"https:\/\/psico2.com\/es\/wp-json\/wp\/v2\/users\/2"}],"replies":[{"embeddable":true,"href":"https:\/\/psico2.com\/es\/wp-json\/wp\/v2\/comments?post=84"}],"version-history":[{"count":5,"href":"https:\/\/psico2.com\/es\/wp-json\/wp\/v2\/pages\/84\/revisions"}],"predecessor-version":[{"id":1118,"href":"https:\/\/psico2.com\/es\/wp-json\/wp\/v2\/pages\/84\/revisions\/1118"}],"wp:attachment":[{"href":"https:\/\/psico2.com\/es\/wp-json\/wp\/v2\/media?parent=84"}],"curies":[{"name":"wp","href":"https:\/\/api.w.org\/{rel}","templated":true}]}}